{"id":8924,"date":"2025-10-15T13:11:00","date_gmt":"2025-10-15T11:11:00","guid":{"rendered":"https:\/\/tlcgroup.pl\/contact\/"},"modified":"2026-04-30T14:09:20","modified_gmt":"2026-04-30T12:09:20","slug":"contact","status":"publish","type":"page","link":"https:\/\/tlcgroup.pl\/en\/contact\/","title":{"rendered":"Contact"},"content":{"rendered":"<section class=\"company-contact-section flex flex-col items-center py-16 tablet:py-[65px] tablet:pb-28 px-4 tablet:px-16 gap-20\">\n  <div class=\"wrapper\">\n    <div class=\"grid grid-cols-1 tablet:grid-cols-2 gap-y-12 tablet:gap-y-20 tablet:gap-x-10 tablet:items-stretch\">\n      \n      \n              \n        <div class=\"companies-list-contact__item flex flex-col pb-[4rem] mb-[4rem] border-b border-[#D9D9D9] copy3 h-full tablet:border-b-0 tablet:pr-10 tablet:mb-0 tablet:justify-center tablet:items-start\">\n          \n                      <div class=\"companies-list-contact__logo mb-6\">\n              <img decoding=\"async\" src=\"https:\/\/tlcgroup.pl\/app\/uploads\/2025\/12\/logo_tlc-management.webp\" alt=\"TLC Management\" class=\"h-[3rem] w-auto object-contain\">\n            <\/div>\n          \n        \n        <div class=\"py-[4rem]\">\n                      <div class=\"copy2\">\n              <p>We invite you to contact our companies directly or TLC Management \u2013 we are open to discussions about strategic cooperation.<\/p>\n\n            <\/div>\n                  <\/div>\n\n          \n          <div class=\"companies-list-contact__content flex flex-col leading-[150%] mt-[3rem]\">\n            \n            <p class=\"font-bold\">TLC Management<\/p>\n            \n            \n                          <p class=\"\">ul. Marcika 14A<\/p>\n                        \n            \n                          <p class=\"\">30-443 Krak\u00f3w<\/p>\n                        \n            \n                          <div class=\"flex flex-wrap gap-x-16 gap-y-2 my-[2rem] a-under\">\n                                                  <span>\n                  <a href=\"mailto:krakow@tlcmanagement.pl\" title=\"Napisz do: krakow@tlcmanagement.pl\">krakow@tlcmanagement.pl<\/a>\n                  <\/span>\n                                              <\/div>\n                        \n            \n                          <div class=\"flex flex-wrap gap-x-16 gap-y-8 mb-[5rem]\">\n                                  <span class=\"relative group\">\n                    <button type=\"button\" \n                            class=\"copy-to-clipboard cursor-pointer hover:opacity-70 transition-opacity\" \n                            data-value=\"0000670570\" \n                            data-label=\"KRS\"\n                            title=\"Kliknij, aby skopiowa\u0107\">\n                      KRS: 0000670570\n                    <\/button>\n                    <span class=\"copy-tooltip absolute top-full left-1\/2 -translate-x-1\/2 mt-2 px-4 py-2 bg-black text-white copy4 opacity-0 pointer-events-none transition-opacity duration-200 whitespace-nowrap\">\n                      Skopiowano KRS do schowka\n                    <\/span>\n                  <\/span>\n                                                  <span class=\"relative group\">\n                    <button type=\"button\" \n                            class=\"copy-to-clipboard cursor-pointer hover:opacity-70 transition-opacity\" \n                            data-value=\"6793145793\" \n                            data-label=\"NIP\"\n                            title=\"Kliknij, aby skopiowa\u0107\">\n                      NIP: 6793145793\n                    <\/button>\n                    <span class=\"copy-tooltip absolute top-full left-1\/2 -translate-x-1\/2 mt-2 px-4 py-2 bg-black text-white copy4 opacity-0 pointer-events-none transition-opacity duration-200 whitespace-nowrap\">\n                      Skopiowano NIP do schowka\n                    <\/span>\n                  <\/span>\n                                                  <span class=\"relative group\">\n                    <button type=\"button\" \n                            class=\"copy-to-clipboard cursor-pointer hover:opacity-70 transition-opacity\" \n                            data-value=\"366875060\" \n                            data-label=\"REGON\"\n                            title=\"Kliknij, aby skopiowa\u0107\">\n                      REGON: 366875060\n                    <\/button>\n                    <span class=\"copy-tooltip absolute top-full left-1\/2 -translate-x-1\/2 mt-2 px-4 py-2 bg-black text-white copy4 opacity-0 pointer-events-none transition-opacity duration-200 whitespace-nowrap\">\n                      Skopiowano REGON do schowka\n                    <\/span>\n                  <\/span>\n                              <\/div>\n                    <div class=\"py-8\">\n                      <div class=\"copy2\">\n                    <p>TLC Management General Partnership registered in: 11th Commercial Division of the National Court Register at the District Court for Krak\u00f3w-\u015ar\u00f3dmie\u015bcie.<\/p>\n\n                <\/div>\n                        <\/div>\n          <\/div>\n        <\/div>\n      \n      \n      <div class=\"tablet:pl-10 flex flex-col gap-8 h-full\">\n        \n                  <div class=\"company-image\">\n            <img decoding=\"async\" src=\"https:\/\/tlcgroup.pl\/app\/uploads\/2025\/11\/tlc-siedziba-krakow-pic3-min.jpg\" \n                 alt=\"TLC Management\" \n                 class=\"w-full h-auto\">\n          <\/div>\n                \n\n      <\/div>\n      \n    <\/div>\n  <\/div>\n<\/section>\n","protected":false},"excerpt":{"rendered":"","protected":false},"author":5,"featured_media":8923,"parent":0,"menu_order":0,"comment_status":"closed","ping_status":"closed","template":"template-contact.blade.php","meta":{"_acf_changed":false,"inline_featured_image":false,"footnotes":""},"class_list":["post-8924","page","type-page","status-publish","has-post-thumbnail","hentry"],"acf":[],"yoast_head":"<!-- This site is optimized with the Yoast SEO plugin v27.5 - https:\/\/yoast.com\/product\/yoast-seo-wordpress\/ -->\n<title>Contact - TLC Group<\/title>\n<meta name=\"description\" content=\"TLC Holding is a global leader in the production and distribution of stairs, safety equipment, stair cages, and steel platforms for industry and construction.\" \/>\n<meta name=\"robots\" content=\"index, follow, max-snippet:-1, max-image-preview:large, max-video-preview:-1\" \/>\n<link rel=\"canonical\" href=\"https:\/\/tlcgroup.pl\/en\/contact\/\" \/>\n<meta property=\"og:locale\" content=\"en_US\" \/>\n<meta property=\"og:type\" content=\"article\" \/>\n<meta property=\"og:title\" content=\"Contact - TLC Group\" \/>\n<meta property=\"og:description\" content=\"TLC Holding is a global leader in the production and distribution of stairs, safety equipment, stair cages, and steel platforms for industry and construction.\" \/>\n<meta property=\"og:url\" content=\"https:\/\/tlcgroup.pl\/en\/contact\/\" \/>\n<meta property=\"og:site_name\" content=\"TLC Group\" \/>\n<meta property=\"article:modified_time\" content=\"2026-04-30T12:09:20+00:00\" \/>\n<meta property=\"og:image\" content=\"https:\/\/tlcgroup.pl\/app\/uploads\/2025\/11\/tlc-siedziba-krakow-pic3-min.jpg\" \/>\n\t<meta property=\"og:image:width\" content=\"1030\" \/>\n\t<meta property=\"og:image:height\" content=\"1028\" \/>\n\t<meta property=\"og:image:type\" content=\"image\/jpeg\" \/>\n<meta name=\"twitter:card\" content=\"summary_large_image\" \/>\n<script type=\"application\/ld+json\" class=\"yoast-schema-graph\">{\"@context\":\"https:\\\/\\\/schema.org\",\"@graph\":[{\"@type\":\"WebPage\",\"@id\":\"https:\\\/\\\/tlcgroup.pl\\\/en\\\/contact\\\/\",\"url\":\"https:\\\/\\\/tlcgroup.pl\\\/en\\\/contact\\\/\",\"name\":\"Contact - TLC Group\",\"isPartOf\":{\"@id\":\"https:\\\/\\\/tlcgroup.pl\\\/en\\\/#website\"},\"primaryImageOfPage\":{\"@id\":\"https:\\\/\\\/tlcgroup.pl\\\/en\\\/contact\\\/#primaryimage\"},\"image\":{\"@id\":\"https:\\\/\\\/tlcgroup.pl\\\/en\\\/contact\\\/#primaryimage\"},\"thumbnailUrl\":\"https:\\\/\\\/tlcgroup.pl\\\/app\\\/uploads\\\/2025\\\/11\\\/tlc-siedziba-krakow-pic3-min.jpg\",\"datePublished\":\"2025-10-15T11:11:00+00:00\",\"dateModified\":\"2026-04-30T12:09:20+00:00\",\"description\":\"TLC Holding is a global leader in the production and distribution of stairs, safety equipment, stair cages, and steel platforms for industry and construction.\",\"breadcrumb\":{\"@id\":\"https:\\\/\\\/tlcgroup.pl\\\/en\\\/contact\\\/#breadcrumb\"},\"inLanguage\":\"en-US\",\"potentialAction\":[{\"@type\":\"ReadAction\",\"target\":[\"https:\\\/\\\/tlcgroup.pl\\\/en\\\/contact\\\/\"]}]},{\"@type\":\"ImageObject\",\"inLanguage\":\"en-US\",\"@id\":\"https:\\\/\\\/tlcgroup.pl\\\/en\\\/contact\\\/#primaryimage\",\"url\":\"https:\\\/\\\/tlcgroup.pl\\\/app\\\/uploads\\\/2025\\\/11\\\/tlc-siedziba-krakow-pic3-min.jpg\",\"contentUrl\":\"https:\\\/\\\/tlcgroup.pl\\\/app\\\/uploads\\\/2025\\\/11\\\/tlc-siedziba-krakow-pic3-min.jpg\",\"width\":1030,\"height\":1028},{\"@type\":\"BreadcrumbList\",\"@id\":\"https:\\\/\\\/tlcgroup.pl\\\/en\\\/contact\\\/#breadcrumb\",\"itemListElement\":[{\"@type\":\"ListItem\",\"position\":1,\"name\":\"Home\",\"item\":\"https:\\\/\\\/tlcgroup.pl\\\/en\\\/home\\\/\"},{\"@type\":\"ListItem\",\"position\":2,\"name\":\"Contact\"}]},{\"@type\":\"WebSite\",\"@id\":\"https:\\\/\\\/tlcgroup.pl\\\/en\\\/#website\",\"url\":\"https:\\\/\\\/tlcgroup.pl\\\/en\\\/\",\"name\":\"TLC Group\",\"description\":\"tagline\",\"potentialAction\":[{\"@type\":\"SearchAction\",\"target\":{\"@type\":\"EntryPoint\",\"urlTemplate\":\"https:\\\/\\\/tlcgroup.pl\\\/en\\\/?s={search_term_string}\"},\"query-input\":{\"@type\":\"PropertyValueSpecification\",\"valueRequired\":true,\"valueName\":\"search_term_string\"}}],\"inLanguage\":\"en-US\"}]}<\/script>\n<!-- \/ Yoast SEO plugin. -->","yoast_head_json":{"title":"Contact - TLC Group","description":"TLC Holding is a global leader in the production and distribution of stairs, safety equipment, stair cages, and steel platforms for industry and construction.","robots":{"index":"index","follow":"follow","max-snippet":"max-snippet:-1","max-image-preview":"max-image-preview:large","max-video-preview":"max-video-preview:-1"},"canonical":"https:\/\/tlcgroup.pl\/en\/contact\/","og_locale":"en_US","og_type":"article","og_title":"Contact - TLC Group","og_description":"TLC Holding is a global leader in the production and distribution of stairs, safety equipment, stair cages, and steel platforms for industry and construction.","og_url":"https:\/\/tlcgroup.pl\/en\/contact\/","og_site_name":"TLC Group","article_modified_time":"2026-04-30T12:09:20+00:00","og_image":[{"width":1030,"height":1028,"url":"https:\/\/tlcgroup.pl\/app\/uploads\/2025\/11\/tlc-siedziba-krakow-pic3-min.jpg","type":"image\/jpeg"}],"twitter_card":"summary_large_image","schema":{"@context":"https:\/\/schema.org","@graph":[{"@type":"WebPage","@id":"https:\/\/tlcgroup.pl\/en\/contact\/","url":"https:\/\/tlcgroup.pl\/en\/contact\/","name":"Contact - TLC Group","isPartOf":{"@id":"https:\/\/tlcgroup.pl\/en\/#website"},"primaryImageOfPage":{"@id":"https:\/\/tlcgroup.pl\/en\/contact\/#primaryimage"},"image":{"@id":"https:\/\/tlcgroup.pl\/en\/contact\/#primaryimage"},"thumbnailUrl":"https:\/\/tlcgroup.pl\/app\/uploads\/2025\/11\/tlc-siedziba-krakow-pic3-min.jpg","datePublished":"2025-10-15T11:11:00+00:00","dateModified":"2026-04-30T12:09:20+00:00","description":"TLC Holding is a global leader in the production and distribution of stairs, safety equipment, stair cages, and steel platforms for industry and construction.","breadcrumb":{"@id":"https:\/\/tlcgroup.pl\/en\/contact\/#breadcrumb"},"inLanguage":"en-US","potentialAction":[{"@type":"ReadAction","target":["https:\/\/tlcgroup.pl\/en\/contact\/"]}]},{"@type":"ImageObject","inLanguage":"en-US","@id":"https:\/\/tlcgroup.pl\/en\/contact\/#primaryimage","url":"https:\/\/tlcgroup.pl\/app\/uploads\/2025\/11\/tlc-siedziba-krakow-pic3-min.jpg","contentUrl":"https:\/\/tlcgroup.pl\/app\/uploads\/2025\/11\/tlc-siedziba-krakow-pic3-min.jpg","width":1030,"height":1028},{"@type":"BreadcrumbList","@id":"https:\/\/tlcgroup.pl\/en\/contact\/#breadcrumb","itemListElement":[{"@type":"ListItem","position":1,"name":"Home","item":"https:\/\/tlcgroup.pl\/en\/home\/"},{"@type":"ListItem","position":2,"name":"Contact"}]},{"@type":"WebSite","@id":"https:\/\/tlcgroup.pl\/en\/#website","url":"https:\/\/tlcgroup.pl\/en\/","name":"TLC Group","description":"tagline","potentialAction":[{"@type":"SearchAction","target":{"@type":"EntryPoint","urlTemplate":"https:\/\/tlcgroup.pl\/en\/?s={search_term_string}"},"query-input":{"@type":"PropertyValueSpecification","valueRequired":true,"valueName":"search_term_string"}}],"inLanguage":"en-US"}]}},"_links":{"self":[{"href":"https:\/\/tlcgroup.pl\/en\/wp-json\/wp\/v2\/pages\/8924","targetHints":{"allow":["GET"]}}],"collection":[{"href":"https:\/\/tlcgroup.pl\/en\/wp-json\/wp\/v2\/pages"}],"about":[{"href":"https:\/\/tlcgroup.pl\/en\/wp-json\/wp\/v2\/types\/page"}],"author":[{"embeddable":true,"href":"https:\/\/tlcgroup.pl\/en\/wp-json\/wp\/v2\/users\/5"}],"replies":[{"embeddable":true,"href":"https:\/\/tlcgroup.pl\/en\/wp-json\/wp\/v2\/comments?post=8924"}],"version-history":[{"count":1,"href":"https:\/\/tlcgroup.pl\/en\/wp-json\/wp\/v2\/pages\/8924\/revisions"}],"predecessor-version":[{"id":8925,"href":"https:\/\/tlcgroup.pl\/en\/wp-json\/wp\/v2\/pages\/8924\/revisions\/8925"}],"wp:featuredmedia":[{"embeddable":true,"href":"https:\/\/tlcgroup.pl\/en\/wp-json\/wp\/v2\/media\/8923"}],"wp:attachment":[{"href":"https:\/\/tlcgroup.pl\/en\/wp-json\/wp\/v2\/media?parent=8924"}],"curies":[{"name":"wp","href":"https:\/\/api.w.org\/{rel}","templated":true}]}}