{"id":8890,"date":"2025-01-15T13:48:14","date_gmt":"2025-01-15T11:48:14","guid":{"rendered":"https:\/\/tlcgroup.pl\/cookies\/"},"modified":"2026-04-30T14:04:00","modified_gmt":"2026-04-30T12:04:00","slug":"cookies","status":"publish","type":"page","link":"https:\/\/tlcgroup.pl\/en\/cookies\/","title":{"rendered":"Cookies"},"content":{"rendered":"\n<p>EN COOKIES STOSOWANE W RAMACH SERWISU<\/p>\n\n<h2 class=\"wp-block-heading\">I. Czym s\u0105 pliki cookies?<\/h2>\n\n<p>Pliki cookies to niewielkie pliki tekstowe, kt\u00f3re s\u0105 zapisywane na Twoim komputerze lub smartfonie podczas wy\u015bwietlania Serwisu. Istniej\u0105 r\u00f3\u017cne rodzaje plik\u00f3w cookie, my dzielimy je na:<br\/>a) pliki niezb\u0119dne do korzystania z Serwisu,<br\/>b) pozosta\u0142e pliki. <\/p>\n\n<p>Pliki cookie, kt\u00f3re s\u0105 niezb\u0119dne do korzystania z Serwisu s\u0142u\u017c\u0105 m.in. do zapewnienia stabilno\u015bci jego funkcjonowania (mierz\u0105 ruch, zabezpieczaj\u0105c przed przeci\u0105\u017ceniem Serwisu), zapami\u0119tania wybranych przez Ciebie preferencji dot. prywatno\u015bci, wype\u0142nienia udost\u0119pnionych przez nas formularzy on-line. Te pliki cookie stosowane s\u0105 domy\u015blnie, czyli zapisujemy je na Twoim komputerze lub smartfonie w momencie wej\u015bcia na stron\u0119 Serwisu.   <\/p>\n\n<p>Pozosta\u0142e pliki cookie wykorzystujemy tylko w\u00f3wczas, gdy wyrazisz na to zgod\u0119. <\/p>\n\n<p>Niekt\u00f3re z wykorzystywanych przez nas plik\u00f3w cookies stanowi\u0105 dane osobowe \u2013 administratorem Twoich danych osobowych jest <strong>TLC Management M. T. Lingefelt Sp\u00f3\u0142ka Jawna<\/strong> z siedzib\u0105 w Krakowie, ul. J. Marcika 14 A, Szczeg\u00f3\u0142owe informacje dotycz\u0105ce przetwarzanie danych osobowych znajduj\u0105 si\u0119 pod adresem: <a href=\"http:\/\/www.tlcgroup.pl\/polityka-prywatnosci\">www.tlcgroup.pl\/polityka-prywatnosci<\/a> <\/p>\n\n<h2 class=\"wp-block-heading\">II. Z jakich plik\u00f3w cookies korzystamy? <\/h2>\n\n<p><strong>Niezb\u0119dne pliki cookie<\/strong> \u2013 zapewniaj\u0105 prawid\u0142owe funkcjonowanie Serwisu i jego podstawowych funkcji, korzystanie z nich nie wymaga zgody u\u017cytkownika.<\/p>\n\n<p><strong>Analityczne pliki cookie<\/strong> \u2013 umo\u017cliwiaj\u0105 \u015bledzenie liczby i \u017ar\u00f3de\u0142 odwiedzin, dzi\u0119ki czemu mo\u017cemy mierzy\u0107 i poprawia\u0107 wydajno\u015b\u0107 Serwisu. Je\u017celi odm\u00f3wisz zapisania na Twoim komputerze lub smartfonie analitycznych plik\u00f3w cookie, Twoja wizyta nie b\u0119dzie uwzgl\u0119dniana w naszych statystykach, ale jednocze\u015bnie nie ograniczy to dla Ciebie \u017cadnych funkcjonalno\u015bci Serwisu. <\/p>\n\n<p><strong>Marketingowe pliki cookie<\/strong> \u2013 s\u0142u\u017c\u0105 personalizowaniu tre\u015bci, kt\u00f3re s\u0105 Ci wy\u015bwietlane. Mog\u0105 by\u0107 wykorzystywane w naszych kampaniach reklamowych, kt\u00f3re s\u0105 prowadzone na stronach internetowych podmiot\u00f3w trzecich. Je\u017celi wyrazisz zgod\u0119 na korzystanie z marketingowych plik\u00f3w cookie, mo\u017cesz otrzymywa\u0107 informacje o stronach internetowych naszych zaufanych partner\u00f3w, na kt\u00f3rych zareagowa\u0142e\u015b na nasze reklamy. Je\u017celi zrezygnujesz z marketingowych plik\u00f3w cookie, wy\u015bwietlane b\u0119d\u0105 Ci og\u00f3lne i niespersonalizowane reklamy. Je\u017celi odm\u00f3wisz zapisania na Twoim komputerze lub smartfonie marketingowych plik\u00f3w cookie, nie ograniczy to dla Ciebie \u017cadnych funkcjonalno\u015bci Serwisu.    <\/p>\n\n<h2 class=\"wp-block-heading\">III. W jaki spos\u00f3b udzielana jest zgoda na pliki cookies? <\/h2>\n\n<p>Podczas wizyty na stronie Serwisu zostanie wy\u015bwietlona informacja w formie pop-up, \u017ce wykorzystuje on pliki cookies. Je\u015bli wybierzesz opcj\u0119 \u201cZezw\u00f3l na wszystkie\u201d, b\u0119dzie to oznacza\u0107, \u017ce akceptujesz wszystkie pliki cookies, kt\u00f3re s\u0105 umieszczone w Serwisie oraz potwierdzasz, \u017ce zapozna\u0142e\u015b si\u0119 z informacjami na temat plik\u00f3w cookies oraz cel\u00f3w ich stosowania. Niezb\u0119dne pliki cookie zwolnione s\u0105 z obowi\u0105zku uzyskania zgody. Wybieraj\u0105c opcj\u0119 \u201cOdrzu\u0107 wszystkie\u201d, odrzucisz wszystkie, pr\u00f3cz technicznie niezb\u0119dnych, plik\u00f3w cookie, kt\u00f3re stosowane s\u0105 w ramach Serwisu. W ka\u017cdym czasie mo\u017cesz szczeg\u00f3\u0142owo zarz\u0105dza\u0107 swoimi preferencjami dotycz\u0105cymi plik\u00f3w cookies, poprzez wyb\u00f3r jednego z dost\u0119pnych przycisk\u00f3w umo\u017cliwiaj\u0105cych Odmow\u0119 lub Personalizacj\u0119 tre\u015bci na wy\u015bwietlonym Ci banerze cookies.    <br\/><\/p>\n\n<h2 class=\"wp-block-heading\">B. Cookies podmiot\u00f3w trzecich <\/h2>\n\n<p><strong>Google<\/strong> \u2013 Wykorzystujemy pliki cookies administrowane przez Google Inc. 1600 Amphitheatre Pkwy, Mountain View, CA 94043, Stany Zjednoczone w ramach us\u0142ug: <\/p>\n\n<p><strong>Google Ads<\/strong> \u2013 pozwalaj\u0105 one na prowadzenie i ocen\u0119 jako\u015bci kampanii reklamowych, realizowanych przy u\u017cyciu us\u0142ugi Google Ads,<\/p>\n\n<p><strong>Google Analytics<\/strong> \u2013 pozwalaj\u0105 one na ocen\u0119 jako\u015bci kampanii reklamowych, realizowanych przy u\u017cyciu us\u0142ugi Google Ads, a tak\u017ce na badanie zachowa\u0144 i ruchu u\u017cytkownik\u00f3w oraz sporz\u0105dzanie statystyk ruchu,<\/p>\n\n<p><strong>YouTube<\/strong> \u2013 pozwalaj\u0105 one na przechowywanie informacji o u\u017cytkowniku, kt\u00f3re umo\u017cliwiaj\u0105 korzystanie z funkcjonalno\u015bci us\u0142ugi YouTube. Google Inc. mo\u017ce \u015bledzi\u0107 odtwarzanie film\u00f3w przez U\u017cytkownika. Google wykorzystuje informacje udost\u0119pniane w witrynach i aplikacjach do \u015bwiadczenia i ulepszania us\u0142ug, zarz\u0105dzania nimi, opracowywania nowych us\u0142ug, mierzenia skuteczno\u015bci reklam, ochrony przez oszustwami i nadu\u017cyciami, a tak\u017ce personalizowania tre\u015bci i reklam wy\u015bwietlanych w Google oraz witrynach i aplikacjach partner\u00f3w. Google u\u017cywa danych zgodnie z zasadami opisanymi na stronie: <a href=\"https:\/\/policies.google.com\/technologies\/partner-sites\">https:\/\/policies.google.com\/technologies\/partner-sites<\/a> Zbierane przez Google dane maj\u0105 charakter anonimowy i zbiorczy. W szczeg\u00f3lno\u015bci nie zawieraj\u0105 cech identyfikuj\u0105cych (rozumianych jako dane osobowe) u\u017cytkownik\u00f3w stron internetowych. Korzystaj\u0105c z wymienionych us\u0142ug zbieramy takie dane jak \u017ar\u00f3d\u0142a pozyskania u\u017cytkownik\u00f3w odwiedzaj\u0105cych strony internetowe, a tak\u017ce oraz spos\u00f3b ich zachowania na stronach stron internetowych, informacje na temat u\u017cywanych przez nich urz\u0105dze\u0144 i przegl\u0105darek, adres IP, domen\u0119, dane demograficzne (wiek, p\u0142e\u0107), zainteresowania i dane geograficzne, ilo\u015b\u0107 sesji, odwiedzanych stron w serwisie.       <\/p>\n\n<p><strong>Facebook<\/strong> \u2013 Wykorzystujemy pliki cookies stosowane w serwisie Facebook nale\u017c\u0105cym do Meta Platforms Inc. 1 Hacker Way, Menlo Park, CA 94025, Stany Zjednoczone. Pliki te mog\u0105 by\u0107 wykorzystywane w celu przetwarzania w serwisie Facebook Twoich czynno\u015bci wykonanych z u\u017cyciem przycisk\u00f3w \u201eUdost\u0119pnij\u201d lub \u201eLubi\u0119 to\u201d. Przetwarzanie tych czynno\u015bci mo\u017ce mie\u0107 charakter publiczny. Ponadto, pliki cookies udost\u0119pnione przez Facebook umo\u017cliwiaj\u0105 nam badanie zachowa\u0144 i ruchu u\u017cytkownik\u00f3w, by dostosowa\u0107 wy\u015bwietlane tre\u015bci reklamowe do Twoich zainteresowa\u0144.Pliki te u\u0142atwiaj\u0105 serwisowi Facebook dostarczanie, zabezpieczanie i usprawnianie produkt\u00f3w firmy Meta poprzez personalizacj\u0119 materia\u0142\u00f3w, dostosowywanie reklam i pomiar ich skuteczno\u015bci oraz bezpieczniejsz\u0105 obs\u0142ug\u0119 u\u017cytkownika. Facebook u\u017cywa danych zgodnie z zasadami opisanymi na stronie: <a href=\"https:\/\/www.facebook.com\/policies\/cookies\/\">https:\/\/www.facebook.com\/policies\/cookies\/<\/a><br\/><\/p>\n\n<p><strong>LinkedIn<\/strong> \u2013 Wykorzystujemy pliki cookies stosowane przez LinkedIn Ireland Unlimited Company. Pliki te mog\u0105 by\u0107 wykorzystywane w celu przetwarzania w serwisie LinkedIn Twoich czynno\u015bci wykonanych z u\u017cyciem przycisk\u00f3w \u201eUdost\u0119pnij\u201d lub \u201eLubi\u0119 to\u201d. Przetwarzanie tych czynno\u015bci mo\u017ce mie\u0107 charakter publiczny. Ponadto, pliki cookies udost\u0119pnione przez LinkedIn umo\u017cliwiaj\u0105 nam badanie zachowa\u0144 i ruchu u\u017cytkownik\u00f3w, by dostosowa\u0107 wy\u015bwietlane tre\u015bci reklamowe do Twoich zainteresowa\u0144. Pliki te u\u0142atwiaj\u0105 LinkedIn dostarczanie, zabezpieczanie i usprawnianie produkt\u00f3w poprzez personalizacj\u0119 materia\u0142\u00f3w, dostosowywanie reklam i pomiar ich skuteczno\u015bci oraz bezpieczniejsz\u0105 obs\u0142ug\u0119 u\u017cytkownika. LinkedIn u\u017cywa danych zgodnie z zasadami opisanymi na stronie: <a href=\"https:\/\/pl.linkedin.com\/legal\/cookie-policy\">https:\/\/pl.linkedin.com\/legal\/cookie-policy<\/a>     <\/p>\n\n<p><strong>reCAPTCHA<br\/><\/strong>W celu ochrony formularzy przed spamem i atakami bot\u00f3w, strony mog\u0105 korzysta\u0107 z narz\u0119dzia reCAPTCHA, kt\u00f3re mo\u017ce wykorzystywa\u0107 pliki cookies<\/p>\n\n<h2 class=\"wp-block-heading\">C. Tagi pixelowe<\/h2>\n\n<p>Wykorzystujemy stosowan\u0105 przez Facebook Inc. 1 Hacker Way, Menlo Park, CA 94025, Stany Zjednoczone technologi\u0119 tag\u00f3w pikselowych. S\u0105 to elementy publikowane w tre\u015bciach cyfrowych i umo\u017cliwiaj\u0105 rejestrowanie informacji np. o aktywno\u015bci realizowanej w ramach Serwisu, a tak\u017ce ocen\u0119 skuteczno\u015bci stosowanych w profilu reklam. Zarz\u0105dzanie tagiem pixelowym Facebook Inc. jest mo\u017cliwe za po\u015brednictwem serwisu Facebook, w jego panelu u\u017cytkownika.    <\/p>\n\n<p>Wykorzystujemy stosowan\u0105 przez LinkedIn Ireland Unlimited Company technologi\u0119 tag\u00f3w pikselowych. S\u0105 to elementy publikowane w tre\u015bciach cyfrowych i umo\u017cliwiaj\u0105 rejestrowanie informacji np. o aktywno\u015bci realizowanej na stronie internetowej, a tak\u017ce ocen\u0119 skuteczno\u015bci stosowanych w profilu reklam. Zarz\u0105dzanie tagiem pixelowym LinkedIn jest mo\u017cliwe za po\u015brednictwem serwisu LinkedIn w jego panelu u\u017cytkownika.  <\/p>\n\n<h2 class=\"wp-block-heading\">D. Klucz identyfikacyjny a powiadomienia typu webpush<\/h2>\n\n<p>Serwis mog\u0105 korzysta\u0107 z rozwi\u0105za\u0144 typu powiadomienia webpush z pozycji przegl\u0105darki internetowej. U\u017cytkownik mo\u017ce wyrazi\u0107 dobrowoln\u0105 zgod\u0119 na otrzymywanie takich powiadomie\u0144 i wy\u0142\u0105czy\u0107 je w ka\u017cdym czasie w ustawieniach przegl\u0105darki, z kt\u00f3rej zezwala\u0142 na powiadomienia. Do \u015bwiadczenia tego typu us\u0142ug zbierane s\u0105 dane w postaci dedykowanych kod\u00f3w identyfikacyjnych u\u017cytkownika, kt\u00f3re s\u0105 administrowane przez dostawc\u0119 rozwi\u0105za\u0144 webpush, z kt\u00f3rymi firma mo\u017ce wsp\u00f3\u0142pracowa\u0107.  <\/p>\n\n<p><\/p>\n","protected":false},"excerpt":{"rendered":"<p>EN COOKIES STOSOWANE W RAMACH SERWISU I. Czym s\u0105 pliki cookies? Pliki cookies to niewielkie pliki tekstowe, kt\u00f3re s\u0105 zapisywane na Twoim komputerze lub smartfonie podczas wy\u015bwietlania Serwisu. Istniej\u0105 r\u00f3\u017cne rodzaje plik\u00f3w cookie, my dzielimy je na:a) pliki niezb\u0119dne do korzystania z Serwisu,b) pozosta\u0142e pliki. Pliki cookie, kt\u00f3re s\u0105 niezb\u0119dne do korzystania z Serwisu s\u0142u\u017c\u0105 &hellip; <a href=\"https:\/\/tlcgroup.pl\/en\/cookies\/\">Continued<\/a><\/p>\n","protected":false},"author":5,"featured_media":8889,"parent":0,"menu_order":0,"comment_status":"closed","ping_status":"closed","template":"template-formal.blade.php","meta":{"_acf_changed":false,"inline_featured_image":false,"footnotes":""},"class_list":["post-8890","page","type-page","status-publish","has-post-thumbnail","hentry"],"acf":[],"yoast_head":"<!-- This site is optimized with the Yoast SEO plugin v27.5 - https:\/\/yoast.com\/product\/yoast-seo-wordpress\/ -->\n<title>Cookies - TLC Group<\/title>\n<meta name=\"robots\" content=\"index, follow, max-snippet:-1, max-image-preview:large, max-video-preview:-1\" \/>\n<link rel=\"canonical\" href=\"https:\/\/tlcgroup.pl\/en\/cookies\/\" \/>\n<meta property=\"og:locale\" content=\"en_US\" \/>\n<meta property=\"og:type\" content=\"article\" \/>\n<meta property=\"og:title\" content=\"Cookies - TLC Group\" \/>\n<meta property=\"og:description\" content=\"EN COOKIES STOSOWANE W RAMACH SERWISU I. Czym s\u0105 pliki cookies? Pliki cookies to niewielkie pliki tekstowe, kt\u00f3re s\u0105 zapisywane na Twoim komputerze lub smartfonie podczas wy\u015bwietlania Serwisu. Istniej\u0105 r\u00f3\u017cne rodzaje plik\u00f3w cookie, my dzielimy je na:a) pliki niezb\u0119dne do korzystania z Serwisu,b) pozosta\u0142e pliki. Pliki cookie, kt\u00f3re s\u0105 niezb\u0119dne do korzystania z Serwisu s\u0142u\u017c\u0105 &hellip; Continued\" \/>\n<meta property=\"og:url\" content=\"https:\/\/tlcgroup.pl\/en\/cookies\/\" \/>\n<meta property=\"og:site_name\" content=\"TLC Group\" \/>\n<meta property=\"article:modified_time\" content=\"2026-04-30T12:04:00+00:00\" \/>\n<meta property=\"og:image\" content=\"https:\/\/tlcgroup.pl\/app\/uploads\/2025\/10\/favicona-TLCGroup.png\" \/>\n\t<meta property=\"og:image:width\" content=\"300\" \/>\n\t<meta property=\"og:image:height\" content=\"300\" \/>\n\t<meta property=\"og:image:type\" content=\"image\/png\" \/>\n<meta name=\"twitter:card\" content=\"summary_large_image\" \/>\n<meta name=\"twitter:label1\" content=\"Est. reading time\" \/>\n\t<meta name=\"twitter:data1\" content=\"6 minutes\" \/>\n<script type=\"application\/ld+json\" class=\"yoast-schema-graph\">{\"@context\":\"https:\\\/\\\/schema.org\",\"@graph\":[{\"@type\":\"WebPage\",\"@id\":\"https:\\\/\\\/tlcgroup.pl\\\/en\\\/cookies\\\/\",\"url\":\"https:\\\/\\\/tlcgroup.pl\\\/en\\\/cookies\\\/\",\"name\":\"Cookies - TLC Group\",\"isPartOf\":{\"@id\":\"https:\\\/\\\/tlcgroup.pl\\\/en\\\/#website\"},\"primaryImageOfPage\":{\"@id\":\"https:\\\/\\\/tlcgroup.pl\\\/en\\\/cookies\\\/#primaryimage\"},\"image\":{\"@id\":\"https:\\\/\\\/tlcgroup.pl\\\/en\\\/cookies\\\/#primaryimage\"},\"thumbnailUrl\":\"https:\\\/\\\/tlcgroup.pl\\\/app\\\/uploads\\\/2025\\\/10\\\/favicona-TLCGroup.png\",\"datePublished\":\"2025-01-15T11:48:14+00:00\",\"dateModified\":\"2026-04-30T12:04:00+00:00\",\"breadcrumb\":{\"@id\":\"https:\\\/\\\/tlcgroup.pl\\\/en\\\/cookies\\\/#breadcrumb\"},\"inLanguage\":\"en-US\",\"potentialAction\":[{\"@type\":\"ReadAction\",\"target\":[\"https:\\\/\\\/tlcgroup.pl\\\/en\\\/cookies\\\/\"]}]},{\"@type\":\"ImageObject\",\"inLanguage\":\"en-US\",\"@id\":\"https:\\\/\\\/tlcgroup.pl\\\/en\\\/cookies\\\/#primaryimage\",\"url\":\"https:\\\/\\\/tlcgroup.pl\\\/app\\\/uploads\\\/2025\\\/10\\\/favicona-TLCGroup.png\",\"contentUrl\":\"https:\\\/\\\/tlcgroup.pl\\\/app\\\/uploads\\\/2025\\\/10\\\/favicona-TLCGroup.png\",\"width\":300,\"height\":300},{\"@type\":\"BreadcrumbList\",\"@id\":\"https:\\\/\\\/tlcgroup.pl\\\/en\\\/cookies\\\/#breadcrumb\",\"itemListElement\":[{\"@type\":\"ListItem\",\"position\":1,\"name\":\"Home\",\"item\":\"https:\\\/\\\/tlcgroup.pl\\\/en\\\/home\\\/\"},{\"@type\":\"ListItem\",\"position\":2,\"name\":\"Cookies\"}]},{\"@type\":\"WebSite\",\"@id\":\"https:\\\/\\\/tlcgroup.pl\\\/en\\\/#website\",\"url\":\"https:\\\/\\\/tlcgroup.pl\\\/en\\\/\",\"name\":\"TLC Group\",\"description\":\"tagline\",\"potentialAction\":[{\"@type\":\"SearchAction\",\"target\":{\"@type\":\"EntryPoint\",\"urlTemplate\":\"https:\\\/\\\/tlcgroup.pl\\\/en\\\/?s={search_term_string}\"},\"query-input\":{\"@type\":\"PropertyValueSpecification\",\"valueRequired\":true,\"valueName\":\"search_term_string\"}}],\"inLanguage\":\"en-US\"}]}<\/script>\n<!-- \/ Yoast SEO plugin. -->","yoast_head_json":{"title":"Cookies - TLC Group","robots":{"index":"index","follow":"follow","max-snippet":"max-snippet:-1","max-image-preview":"max-image-preview:large","max-video-preview":"max-video-preview:-1"},"canonical":"https:\/\/tlcgroup.pl\/en\/cookies\/","og_locale":"en_US","og_type":"article","og_title":"Cookies - TLC Group","og_description":"EN COOKIES STOSOWANE W RAMACH SERWISU I. Czym s\u0105 pliki cookies? Pliki cookies to niewielkie pliki tekstowe, kt\u00f3re s\u0105 zapisywane na Twoim komputerze lub smartfonie podczas wy\u015bwietlania Serwisu. Istniej\u0105 r\u00f3\u017cne rodzaje plik\u00f3w cookie, my dzielimy je na:a) pliki niezb\u0119dne do korzystania z Serwisu,b) pozosta\u0142e pliki. Pliki cookie, kt\u00f3re s\u0105 niezb\u0119dne do korzystania z Serwisu s\u0142u\u017c\u0105 &hellip; Continued","og_url":"https:\/\/tlcgroup.pl\/en\/cookies\/","og_site_name":"TLC Group","article_modified_time":"2026-04-30T12:04:00+00:00","og_image":[{"width":300,"height":300,"url":"https:\/\/tlcgroup.pl\/app\/uploads\/2025\/10\/favicona-TLCGroup.png","type":"image\/png"}],"twitter_card":"summary_large_image","twitter_misc":{"Est. reading time":"6 minutes"},"schema":{"@context":"https:\/\/schema.org","@graph":[{"@type":"WebPage","@id":"https:\/\/tlcgroup.pl\/en\/cookies\/","url":"https:\/\/tlcgroup.pl\/en\/cookies\/","name":"Cookies - TLC Group","isPartOf":{"@id":"https:\/\/tlcgroup.pl\/en\/#website"},"primaryImageOfPage":{"@id":"https:\/\/tlcgroup.pl\/en\/cookies\/#primaryimage"},"image":{"@id":"https:\/\/tlcgroup.pl\/en\/cookies\/#primaryimage"},"thumbnailUrl":"https:\/\/tlcgroup.pl\/app\/uploads\/2025\/10\/favicona-TLCGroup.png","datePublished":"2025-01-15T11:48:14+00:00","dateModified":"2026-04-30T12:04:00+00:00","breadcrumb":{"@id":"https:\/\/tlcgroup.pl\/en\/cookies\/#breadcrumb"},"inLanguage":"en-US","potentialAction":[{"@type":"ReadAction","target":["https:\/\/tlcgroup.pl\/en\/cookies\/"]}]},{"@type":"ImageObject","inLanguage":"en-US","@id":"https:\/\/tlcgroup.pl\/en\/cookies\/#primaryimage","url":"https:\/\/tlcgroup.pl\/app\/uploads\/2025\/10\/favicona-TLCGroup.png","contentUrl":"https:\/\/tlcgroup.pl\/app\/uploads\/2025\/10\/favicona-TLCGroup.png","width":300,"height":300},{"@type":"BreadcrumbList","@id":"https:\/\/tlcgroup.pl\/en\/cookies\/#breadcrumb","itemListElement":[{"@type":"ListItem","position":1,"name":"Home","item":"https:\/\/tlcgroup.pl\/en\/home\/"},{"@type":"ListItem","position":2,"name":"Cookies"}]},{"@type":"WebSite","@id":"https:\/\/tlcgroup.pl\/en\/#website","url":"https:\/\/tlcgroup.pl\/en\/","name":"TLC Group","description":"tagline","potentialAction":[{"@type":"SearchAction","target":{"@type":"EntryPoint","urlTemplate":"https:\/\/tlcgroup.pl\/en\/?s={search_term_string}"},"query-input":{"@type":"PropertyValueSpecification","valueRequired":true,"valueName":"search_term_string"}}],"inLanguage":"en-US"}]}},"_links":{"self":[{"href":"https:\/\/tlcgroup.pl\/en\/wp-json\/wp\/v2\/pages\/8890","targetHints":{"allow":["GET"]}}],"collection":[{"href":"https:\/\/tlcgroup.pl\/en\/wp-json\/wp\/v2\/pages"}],"about":[{"href":"https:\/\/tlcgroup.pl\/en\/wp-json\/wp\/v2\/types\/page"}],"author":[{"embeddable":true,"href":"https:\/\/tlcgroup.pl\/en\/wp-json\/wp\/v2\/users\/5"}],"replies":[{"embeddable":true,"href":"https:\/\/tlcgroup.pl\/en\/wp-json\/wp\/v2\/comments?post=8890"}],"version-history":[{"count":1,"href":"https:\/\/tlcgroup.pl\/en\/wp-json\/wp\/v2\/pages\/8890\/revisions"}],"predecessor-version":[{"id":8891,"href":"https:\/\/tlcgroup.pl\/en\/wp-json\/wp\/v2\/pages\/8890\/revisions\/8891"}],"wp:featuredmedia":[{"embeddable":true,"href":"https:\/\/tlcgroup.pl\/en\/wp-json\/wp\/v2\/media\/8889"}],"wp:attachment":[{"href":"https:\/\/tlcgroup.pl\/en\/wp-json\/wp\/v2\/media?parent=8890"}],"curies":[{"name":"wp","href":"https:\/\/api.w.org\/{rel}","templated":true}]}}